{"id":72,"date":"2020-11-18T17:42:45","date_gmt":"2020-11-18T14:42:45","guid":{"rendered":"http:\/\/medntravel.com\/tr\/?page_id=72"},"modified":"2025-04-02T18:43:57","modified_gmt":"2025-04-02T15:43:57","slug":"contact","status":"publish","type":"page","link":"https:\/\/medntravel.com\/tr\/contact\/","title":{"rendered":"\u0130leti\u015fim"},"content":{"rendered":"\n<p>Office : \u00d6mer Avni mah. \u0130n\u00f6n\u00fc Caddesi Akar Palas \u2013 Blok No 14 \u2013 Ofis 10 \u2013 Beyo\u011flu \/ Istanbul \u2013<\/p>\n\n\n\n<p>Mobile: + 90 507 168 51 62<\/p>\n\n\n\n<p>Phone: + 90 212 709 88 20<\/p>\n\n\n\n<p>Email: info@medntravel.com<\/p>\n","protected":false},"excerpt":{"rendered":"<p>Office : \u00d6mer Avni mah. \u0130n\u00f6n\u00fc Caddesi Akar Palas \u2013 Blok No 14 \u2013 Ofis 10 \u2013 Beyo\u011flu \/ Istanbul \u2013 Mobile: + 90 507 168 51 62 Phone: + 90 212 709 88 20 Email: info@medntravel.com<\/p>\n","protected":false},"author":1,"featured_media":0,"parent":0,"menu_order":0,"comment_status":"closed","ping_status":"closed","template":"iletisim.php","meta":{"footnotes":""},"class_list":["post-72","page","type-page","status-publish","hentry"],"yoast_head":"<!-- This site is optimized with the Yoast SEO plugin v24.8.1 - https:\/\/yoast.com\/wordpress\/plugins\/seo\/ -->\n<title>\u0130leti\u015fim - Medn Travel<\/title>\n<meta name=\"robots\" content=\"index, follow, max-snippet:-1, max-image-preview:large, max-video-preview:-1\" \/>\n<link rel=\"canonical\" href=\"https:\/\/medntravel.com\/tr\/contact\/\" \/>\n<meta property=\"og:locale\" content=\"tr_TR\" \/>\n<meta property=\"og:type\" content=\"article\" \/>\n<meta property=\"og:title\" content=\"\u0130leti\u015fim - Medn Travel\" \/>\n<meta property=\"og:description\" content=\"Office : \u00d6mer Avni mah. \u0130n\u00f6n\u00fc Caddesi Akar Palas \u2013 Blok No 14 \u2013 Ofis 10 \u2013 Beyo\u011flu \/ Istanbul \u2013 Mobile: + 90 507 168 51 62 Phone: + 90 212 709 88 20 Email: info@medntravel.com\" \/>\n<meta property=\"og:url\" content=\"https:\/\/medntravel.com\/tr\/contact\/\" \/>\n<meta property=\"og:site_name\" content=\"Medn Travel\" \/>\n<meta property=\"article:modified_time\" content=\"2025-04-02T15:43:57+00:00\" \/>\n<meta name=\"twitter:card\" content=\"summary_large_image\" \/>\n<meta name=\"twitter:label1\" content=\"Tahmini okuma s\u00fcresi\" \/>\n\t<meta name=\"twitter:data1\" content=\"1 dakika\" \/>\n<script type=\"application\/ld+json\" class=\"yoast-schema-graph\">{\"@context\":\"https:\/\/schema.org\",\"@graph\":[{\"@type\":\"WebPage\",\"@id\":\"https:\/\/medntravel.com\/tr\/contact\/\",\"url\":\"https:\/\/medntravel.com\/tr\/contact\/\",\"name\":\"\u0130leti\u015fim - Medn Travel\",\"isPartOf\":{\"@id\":\"https:\/\/medntravel.com\/tr\/#website\"},\"datePublished\":\"2020-11-18T14:42:45+00:00\",\"dateModified\":\"2025-04-02T15:43:57+00:00\",\"inLanguage\":\"tr\",\"potentialAction\":[{\"@type\":\"ReadAction\",\"target\":[\"https:\/\/medntravel.com\/tr\/contact\/\"]}]},{\"@type\":\"WebSite\",\"@id\":\"https:\/\/medntravel.com\/tr\/#website\",\"url\":\"https:\/\/medntravel.com\/tr\/\",\"name\":\"Medn Travel\",\"description\":\"\",\"potentialAction\":[{\"@type\":\"SearchAction\",\"target\":{\"@type\":\"EntryPoint\",\"urlTemplate\":\"https:\/\/medntravel.com\/tr\/?s={search_term_string}\"},\"query-input\":{\"@type\":\"PropertyValueSpecification\",\"valueRequired\":true,\"valueName\":\"search_term_string\"}}],\"inLanguage\":\"tr\"}]}<\/script>\n<!-- \/ Yoast SEO plugin. -->","yoast_head_json":{"title":"\u0130leti\u015fim - Medn Travel","robots":{"index":"index","follow":"follow","max-snippet":"max-snippet:-1","max-image-preview":"max-image-preview:large","max-video-preview":"max-video-preview:-1"},"canonical":"https:\/\/medntravel.com\/tr\/contact\/","og_locale":"tr_TR","og_type":"article","og_title":"\u0130leti\u015fim - Medn Travel","og_description":"Office : \u00d6mer Avni mah. \u0130n\u00f6n\u00fc Caddesi Akar Palas \u2013 Blok No 14 \u2013 Ofis 10 \u2013 Beyo\u011flu \/ Istanbul \u2013 Mobile: + 90 507 168 51 62 Phone: + 90 212 709 88 20 Email: info@medntravel.com","og_url":"https:\/\/medntravel.com\/tr\/contact\/","og_site_name":"Medn Travel","article_modified_time":"2025-04-02T15:43:57+00:00","twitter_card":"summary_large_image","twitter_misc":{"Tahmini okuma s\u00fcresi":"1 dakika"},"schema":{"@context":"https:\/\/schema.org","@graph":[{"@type":"WebPage","@id":"https:\/\/medntravel.com\/tr\/contact\/","url":"https:\/\/medntravel.com\/tr\/contact\/","name":"\u0130leti\u015fim - Medn Travel","isPartOf":{"@id":"https:\/\/medntravel.com\/tr\/#website"},"datePublished":"2020-11-18T14:42:45+00:00","dateModified":"2025-04-02T15:43:57+00:00","inLanguage":"tr","potentialAction":[{"@type":"ReadAction","target":["https:\/\/medntravel.com\/tr\/contact\/"]}]},{"@type":"WebSite","@id":"https:\/\/medntravel.com\/tr\/#website","url":"https:\/\/medntravel.com\/tr\/","name":"Medn Travel","description":"","potentialAction":[{"@type":"SearchAction","target":{"@type":"EntryPoint","urlTemplate":"https:\/\/medntravel.com\/tr\/?s={search_term_string}"},"query-input":{"@type":"PropertyValueSpecification","valueRequired":true,"valueName":"search_term_string"}}],"inLanguage":"tr"}]}},"_links":{"self":[{"href":"https:\/\/medntravel.com\/tr\/wp-json\/wp\/v2\/pages\/72","targetHints":{"allow":["GET"]}}],"collection":[{"href":"https:\/\/medntravel.com\/tr\/wp-json\/wp\/v2\/pages"}],"about":[{"href":"https:\/\/medntravel.com\/tr\/wp-json\/wp\/v2\/types\/page"}],"author":[{"embeddable":true,"href":"https:\/\/medntravel.com\/tr\/wp-json\/wp\/v2\/users\/1"}],"replies":[{"embeddable":true,"href":"https:\/\/medntravel.com\/tr\/wp-json\/wp\/v2\/comments?post=72"}],"version-history":[{"count":5,"href":"https:\/\/medntravel.com\/tr\/wp-json\/wp\/v2\/pages\/72\/revisions"}],"predecessor-version":[{"id":372,"href":"https:\/\/medntravel.com\/tr\/wp-json\/wp\/v2\/pages\/72\/revisions\/372"}],"wp:attachment":[{"href":"https:\/\/medntravel.com\/tr\/wp-json\/wp\/v2\/media?parent=72"}],"curies":[{"name":"wp","href":"https:\/\/api.w.org\/{rel}","templated":true}]}}